{"id":17,"date":"2023-10-24T11:31:00","date_gmt":"2023-10-24T10:31:00","guid":{"rendered":"https:\/\/bdb.mbmuenchen.de\/securewp\/?page_id=17"},"modified":"2024-02-20T23:24:10","modified_gmt":"2024-02-20T22:24:10","slug":"fortbildungsangebote","status":"publish","type":"page","link":"https:\/\/bdb.mbmuenchen.de\/1securewp\/?page_id=17","title":{"rendered":"Fortbildungsangebote"},"content":{"rendered":"\n<p>In der folgenden \u00dcbersicht finden Sie den Link zu der digitalen Fortbildungsoffensive der Praxismodule, in denen in 22 Einzelmodulen verschiedene digitale Themenstellungen zum Einsteigen und Entdecken thematisiert werden. <\/p>\n\n\n\n<blockquote class=\"wp-block-quote is-layout-flow wp-block-quote-is-layout-flow\">\n<p>Mit den Praxismodulen entwickeln Sie die digitalen lehrbezogenen Kompetenzen, mit denen Sie im Alltag souver\u00e4n unterrichten und handeln k\u00f6nnen. Jedes Modul fokussiert eine Situation, in der Sie sich als Lehrkraft regelm\u00e4\u00dfig wiederfinden \u2013 im Unterricht, in dessen Vorbereitung oder in der Organisation des Schullebens.<\/p>\n<cite><a href=\"https:\/\/praxismodule.alp.dillingen.de\" data-type=\"link\" data-id=\"https:\/\/praxismodule.alp.dillingen.de\">https:\/\/praxismodule.alp.dillingen.de<\/a><\/cite><\/blockquote>\n\n\n\n<p>Vom zeitlichen Umfang her dauern die Praxismodule meistens zwischen 45 und 60 Minuten und die vermittelten Kompetenzen und Niveuastufen sind an den Kompetenzen im DigCompuEdu Bavaria  ausgerichtet. <\/p>\n\n\n\n<p>Weitere Fortbildungsangebote finden Sie auf der folgenden Seite der ALP Dillingen:<\/p>\n\n\n\n<p><a href=\"https:\/\/alp.dillingen.de\/lehrerfortbildung\/lehrgangsangebote\/lehrgangssuche\/\" data-type=\"link\" data-id=\"https:\/\/alp.dillingen.de\/lehrerfortbildung\/lehrgangsangebote\/lehrgangssuche\/\">https:\/\/alp.dillingen.de\/lehrerfortbildung\/lehrgangsangebote\/lehrgangssuche\/<\/a> <\/p>\n","protected":false},"excerpt":{"rendered":"<p>In der folgenden \u00dcbersicht finden Sie den Link zu der digitalen Fortbildungsoffensive der Praxismodule, in denen in 22 Einzelmodulen verschiedene digitale Themenstellungen zum Einsteigen und Entdecken thematisiert werden. Mit den Praxismodulen entwickeln Sie die digitalen<\/p>\n","protected":false},"author":2,"featured_media":0,"parent":0,"menu_order":0,"comment_status":"closed","ping_status":"closed","template":"","meta":{"footnotes":""},"class_list":["post-17","page","type-page","status-publish","hentry"],"_links":{"self":[{"href":"https:\/\/bdb.mbmuenchen.de\/1securewp\/index.php?rest_route=\/wp\/v2\/pages\/17","targetHints":{"allow":["GET"]}}],"collection":[{"href":"https:\/\/bdb.mbmuenchen.de\/1securewp\/index.php?rest_route=\/wp\/v2\/pages"}],"about":[{"href":"https:\/\/bdb.mbmuenchen.de\/1securewp\/index.php?rest_route=\/wp\/v2\/types\/page"}],"author":[{"embeddable":true,"href":"https:\/\/bdb.mbmuenchen.de\/1securewp\/index.php?rest_route=\/wp\/v2\/users\/2"}],"replies":[{"embeddable":true,"href":"https:\/\/bdb.mbmuenchen.de\/1securewp\/index.php?rest_route=%2Fwp%2Fv2%2Fcomments&post=17"}],"version-history":[{"count":0,"href":"https:\/\/bdb.mbmuenchen.de\/1securewp\/index.php?rest_route=\/wp\/v2\/pages\/17\/revisions"}],"wp:attachment":[{"href":"https:\/\/bdb.mbmuenchen.de\/1securewp\/index.php?rest_route=%2Fwp%2Fv2%2Fmedia&parent=17"}],"curies":[{"name":"wp","href":"https:\/\/api.w.org\/{rel}","templated":true}]}}